{"id":233,"date":"2021-06-06T19:32:28","date_gmt":"2021-06-06T17:32:28","guid":{"rendered":"https:\/\/holgerundjuliette.de\/?page_id=233"},"modified":"2021-06-06T22:37:17","modified_gmt":"2021-06-06T20:37:17","slug":"ablauf","status":"publish","type":"page","link":"https:\/\/holgerundjuliette.de\/index.php\/ablauf\/","title":{"rendered":"Ablauf"},"content":{"rendered":"<p>[et_pb_section fb_built=&#8220;1&#8243; fullwidth=&#8220;on&#8220; disabled_on=&#8220;on|on|on&#8220; admin_label=&#8220;Hero Section&#8220; _builder_version=&#8220;3.22&#8243; background_color=&#8220;rgba(255,255,255,0.7)&#8220; animation_style=&#8220;zoom&#8220; animation_direction=&#8220;bottom&#8220; animation_intensity_zoom=&#8220;4%&#8220; disabled=&#8220;on&#8220;][et_pb_fullwidth_header title=&#8220;Holger &#038; Juliette&#8220; subhead=&#8220;werden Heiraten&#8220; text_orientation=&#8220;center&#8220; header_fullscreen=&#8220;on&#8220; button_one_url=&#8220;http:\/\/divi.dev\/wedding\/#rsvp&#8220; background_overlay_color=&#8220;rgba(255,255,255,0.85)&#8220; title_font_color=&#8220;#444235&#8243; subhead_font_color=&#8220;#444235&#8243; admin_label=&#8220;Hero&#8220; _builder_version=&#8220;4.9.4&#8243; title_font=&#8220;Comfortaa||||&#8220; title_text_color=&#8220;#444235&#8243; title_font_size=&#8220;96px&#8220; title_line_height=&#8220;1.3em&#8220; subhead_font=&#8220;Open Sans|||on|&#8220; subhead_text_color=&#8220;#444235&#8243; subhead_font_size=&#8220;20px&#8220; subhead_letter_spacing=&#8220;8px&#8220; subhead_line_height=&#8220;2em&#8220; background_color=&#8220;rgba(255, 255, 255, 0)&#8220; background_image=&#8220;https:\/\/holgerundjuliette.de\/wp-content\/uploads\/2020\/05\/HJ-02762.jpg&#8220; parallax=&#8220;on&#8220; parallax_method=&#8220;on&#8220; custom_button_one=&#8220;on&#8220; button_one_text_size=&#8220;16px&#8220; button_one_text_color=&#8220;#ffffff&#8220; button_one_bg_color=&#8220;#d1af83&#8243; button_one_border_width=&#8220;10px&#8220; button_one_border_color=&#8220;#d1af83&#8243; button_one_border_radius=&#8220;0px&#8220; button_one_letter_spacing=&#8220;6px&#8220; button_one_font=&#8220;Open Sans||||&#8220; button_one_icon=&#8220;%%3%%&#8220; button_one_icon_color=&#8220;#ffffff&#8220; button_one_on_hover=&#8220;off&#8220; background_layout=&#8220;light&#8220; animation_style=&#8220;fade&#8220; title_font_size_tablet=&#8220;&#8220; title_font_size_phone=&#8220;80px&#8220; title_font_size_last_edited=&#8220;on|phone&#8220; button_one_letter_spacing_hover=&#8220;10px&#8220; button_one_text_size__hover_enabled=&#8220;off&#8220; button_two_text_size__hover_enabled=&#8220;off&#8220; button_one_text_color__hover_enabled=&#8220;off&#8220; button_two_text_color__hover_enabled=&#8220;off&#8220; button_one_border_width__hover_enabled=&#8220;off&#8220; button_two_border_width__hover_enabled=&#8220;off&#8220; button_one_border_color__hover_enabled=&#8220;off&#8220; button_two_border_color__hover_enabled=&#8220;off&#8220; button_one_border_radius__hover_enabled=&#8220;off&#8220; button_two_border_radius__hover_enabled=&#8220;off&#8220; button_one_letter_spacing__hover_enabled=&#8220;on&#8220; button_one_letter_spacing__hover=&#8220;10px&#8220; button_two_letter_spacing__hover_enabled=&#8220;off&#8220; button_one_bg_color__hover_enabled=&#8220;off&#8220; button_two_bg_color__hover_enabled=&#8220;off&#8220;][\/et_pb_fullwidth_header][\/et_pb_section][et_pb_section fb_built=&#8220;1&#8243; admin_label=&#8220;Our Story Section&#8220; _builder_version=&#8220;3.22&#8243; custom_padding=&#8220;120px||100px|&#8220;][et_pb_row admin_label=&#8220;Our Story&#8220; _builder_version=&#8220;3.25&#8243; background_size=&#8220;initial&#8220; background_position=&#8220;top_left&#8220; background_repeat=&#8220;repeat&#8220;][et_pb_column type=&#8220;4_4&#8243; _builder_version=&#8220;3.25&#8243; custom_padding=&#8220;|||&#8220; custom_padding__hover=&#8220;|||&#8220;][et_pb_text admin_label=&#8220;Title&#8220; _builder_version=&#8220;4.9.4&#8243; text_font=&#8220;||||&#8220; text_text_color=&#8220;#3e3f56&#8243; header_font=&#8220;Comfortaa||||&#8220; header_text_align=&#8220;left&#8220; header_text_color=&#8220;#444235&#8243; header_font_size=&#8220;60px&#8220; header_line_height=&#8220;1.3em&#8220; background_size=&#8220;initial&#8220; background_position=&#8220;top_left&#8220; background_repeat=&#8220;repeat&#8220; module_alignment=&#8220;center&#8220; animation_style=&#8220;slide&#8220; animation_direction=&#8220;bottom&#8220; animation_intensity_slide=&#8220;10%&#8220; header_font_size_tablet=&#8220;&#8220; header_font_size_phone=&#8220;44px&#8220; header_font_size_last_edited=&#8220;on|phone&#8220;]<\/p>\n<h1>Ablauf<\/h1>\n<p>[\/et_pb_text][et_pb_text _builder_version=&#8220;4.9.4&#8243; text_font=&#8220;Comfortaa||||&#8220; text_text_color=&#8220;#d1af83&#8243; text_font_size=&#8220;24px&#8220; text_line_height=&#8220;1.8em&#8220; header_text_align=&#8220;left&#8220; background_size=&#8220;initial&#8220; background_position=&#8220;top_left&#8220; background_repeat=&#8220;repeat&#8220; module_alignment=&#8220;center&#8220; custom_padding=&#8220;|||&#8220; animation_style=&#8220;slide&#8220; animation_direction=&#8220;bottom&#8220; animation_delay=&#8220;50ms&#8220; animation_intensity_slide=&#8220;10%&#8220;]<\/p>\n<p>Die wichtigsten Informationen rund um die Hochzeit, damit wir alle gut durch den Tag kommen.<\/p>\n<p>[\/et_pb_text][et_pb_text admin_label=&#8220;Subtitle&#8220; _builder_version=&#8220;4.9.4&#8243; text_font=&#8220;Open Sans||||&#8220; text_text_color=&#8220;rgba(68,66,53,0.8)&#8220; text_font_size=&#8220;17px&#8220; text_line_height=&#8220;1.9em&#8220; background_size=&#8220;initial&#8220; background_position=&#8220;top_left&#8220; background_repeat=&#8220;repeat&#8220; module_alignment=&#8220;center&#8220; custom_margin=&#8220;|||&#8220; custom_padding=&#8220;|||&#8220; animation_style=&#8220;slide&#8220; animation_direction=&#8220;bottom&#8220; animation_delay=&#8220;50ms&#8220; animation_intensity_slide=&#8220;10%&#8220;]<\/p>\n<p>Liebe G\u00e4ste,<\/p>\n<p>leider besch\u00e4ftigt uns Corona nicht nur bei der Planung der Hochzeit, sondern auch am Tag der Hochzeit wird uns die Pandemie und die Regeln welche uns dadurch auferlegt werden besch\u00e4ftigen. Daher fassen wir an dieser Stelle ein paar der wichtigsten Regeln f\u00fcr den Tag noch einmal zusammen:<\/p>\n<ul>\n<li>Die G\u00e4ste, welche noch keinen vollst\u00e4ndigen Impfschutz besitzen ( 14 Tage nach der zweiten Impfung), besorgen sich am besten am Morgen einen Test, da dieser sowohl zum Check-In im Hotel ben\u00f6tigt wird, sofern ihr erst an diesem Tag anreist, auf jeden Fall wird er sp\u00e4ter in Maria Laach ben\u00f6tigt.<\/li>\n<li>Unabh\u00e4ngig vom Impf- und Teststatus wird in der Kirche eine Maske zu tragen sein.<\/li>\n<li>In Maria Laach gelten die Regeln der Innengastronomie. Wer den Tisch verl\u00e4sst muss im Innenbereich eine Maske tragen.<\/li>\n<\/ul>\n<p>&nbsp;<\/p>\n<p>[\/et_pb_text][\/et_pb_column][\/et_pb_row][\/et_pb_section][et_pb_section fb_built=&#8220;1&#8243; admin_label=&#8220;Vor der Hochzeit Section&#8220; _builder_version=&#8220;3.22&#8243; background_color=&#8220;rgba(209,197,186,0.16)&#8220; custom_padding=&#8220;120px||100px|&#8220; animation_style=&#8220;zoom&#8220; animation_direction=&#8220;bottom&#8220; animation_intensity_zoom=&#8220;4%&#8220;][et_pb_row admin_label=&#8220;Vor der Hochzeit&#8220; _builder_version=&#8220;3.25&#8243; background_size=&#8220;initial&#8220; background_position=&#8220;top_left&#8220; background_repeat=&#8220;repeat&#8220;][et_pb_column type=&#8220;4_4&#8243; _builder_version=&#8220;3.25&#8243; custom_padding=&#8220;|||&#8220; custom_padding__hover=&#8220;|||&#8220;][et_pb_text admin_label=&#8220;Title&#8220; _builder_version=&#8220;4.9.4&#8243; text_font=&#8220;||||&#8220; text_text_color=&#8220;#3e3f56&#8243; header_font=&#8220;Comfortaa||||&#8220; header_text_align=&#8220;left&#8220; header_text_color=&#8220;#444235&#8243; header_font_size=&#8220;60px&#8220; header_line_height=&#8220;1.3em&#8220; background_size=&#8220;initial&#8220; background_position=&#8220;top_left&#8220; background_repeat=&#8220;repeat&#8220; module_alignment=&#8220;center&#8220; header_font_size_tablet=&#8220;&#8220; header_font_size_phone=&#8220;44px&#8220; header_font_size_last_edited=&#8220;on|phone&#8220;]<\/p>\n<h1>Vor der Hochzeit<\/h1>\n<p>[\/et_pb_text][et_pb_text admin_label=&#8220;Testzentum Title&#8220; _builder_version=&#8220;4.9.4&#8243; text_font=&#8220;||||&#8220; text_text_color=&#8220;#3e3f56&#8243; header_font=&#8220;Comfortaa||||&#8220; header_text_align=&#8220;left&#8220; header_text_color=&#8220;#444235&#8243; header_font_size=&#8220;60px&#8220; header_line_height=&#8220;1.3em&#8220; background_size=&#8220;initial&#8220; background_position=&#8220;top_left&#8220; background_repeat=&#8220;repeat&#8220; module_alignment=&#8220;center&#8220; header_font_size_tablet=&#8220;&#8220; header_font_size_phone=&#8220;44px&#8220; header_font_size_last_edited=&#8220;on|phone&#8220;]<\/p>\n<h2>Testzentren in Koblenz<\/h2>\n<p>[\/et_pb_text][et_pb_text admin_label=&#8220;Testzentrum HBF&#8220; _builder_version=&#8220;4.9.4&#8243; text_font=&#8220;Open Sans||||&#8220; text_text_color=&#8220;rgba(68,66,53,0.8)&#8220; text_font_size=&#8220;17px&#8220; text_line_height=&#8220;1.9em&#8220; background_size=&#8220;initial&#8220; background_position=&#8220;top_left&#8220; background_repeat=&#8220;repeat&#8220; module_alignment=&#8220;center&#8220; custom_margin=&#8220;|||&#8220; custom_padding=&#8220;|||&#8220; animation_style=&#8220;slide&#8220; animation_direction=&#8220;bottom&#8220; animation_delay=&#8220;50ms&#8220; animation_intensity_slide=&#8220;10%&#8220;]<\/p>\n<p>Eine vollst\u00e4ndige Liste der Testzentren in Koblenz findet ihr auf der folgenden Internetseite: <a href=\"https:\/\/www.koblenz.de\/coronavirus\/testen-schnelltests-pcr-tests\/\" target=\"_blank\" rel=\"noopener\" title=\"Testzentren Koblenz\">https:\/\/www.koblenz.de\/coronavirus\/testen-schnelltests-pcr-tests\/<\/a><\/p>\n<p>Zwei dieser Testzentren m\u00f6chten wir aufgrund ihre Lage empfehlen:<br \/><a href=\"https:\/\/www.koblenz.de\/strukturierte-daten\/teststellen\/hauptbahnhof-teststation\/\" target=\"_blank\" rel=\"noopener\" title=\"Teststation am Hauptbahnhof\"><strong><span style=\"text-decoration: underline;\">Teststation am Hauptbahnhof<\/span><\/strong><\/a><\/p>\n<p>\u00a0An dieser Teststation k\u00f6nnt ihr ohne Termin zwischen 7:00 Uhr und 19:00 Uhr einen Test durchf\u00fchren lassen.<\/p>\n<p>[\/et_pb_text][et_pb_map address=&#8220;Bahnhofpl. 17, 56068 Koblenz, Deutschland&#8220; zoom_level=&#8220;16&#8243; address_lat=&#8220;50.3504863&#8243; address_lng=&#8220;7.5899102&#8243; _builder_version=&#8220;4.9.4&#8243; _module_preset=&#8220;default&#8220;][et_pb_map_pin title=&#8220;Teststation am Hauptbahnhof&#8220; pin_address=&#8220;Bahnhofpl. 17, 56068 Koblenz, Deutschland&#8220; zoom_level=&#8220;17&#8243; pin_address_lat=&#8220;50.3504863&#8243; pin_address_lng=&#8220;7.5899102&#8243; _builder_version=&#8220;4.9.4&#8243; _module_preset=&#8220;default&#8220;][\/et_pb_map_pin][\/et_pb_map][et_pb_text admin_label=&#8220;Testzentrum Oberwerth&#8220; _builder_version=&#8220;4.9.4&#8243; text_font=&#8220;Open Sans||||&#8220; text_text_color=&#8220;rgba(68,66,53,0.8)&#8220; text_font_size=&#8220;17px&#8220; text_line_height=&#8220;1.9em&#8220; background_size=&#8220;initial&#8220; background_position=&#8220;top_left&#8220; background_repeat=&#8220;repeat&#8220; module_alignment=&#8220;center&#8220; custom_margin=&#8220;|||&#8220; custom_padding=&#8220;|||&#8220; animation_style=&#8220;slide&#8220; animation_direction=&#8220;bottom&#8220; animation_delay=&#8220;50ms&#8220; animation_intensity_slide=&#8220;10%&#8220;]<\/p>\n<p><a href=\"https:\/\/www.koblenz.de\/strukturierte-daten\/teststellen\/cgm-arena-fechthalle\/\" target=\"_blank\" rel=\"noopener\" title=\"Teststation an der CGM Arena\"><strong><span style=\"text-decoration: underline;\">Teststation an der CGM Arena\u00a0<\/span><\/strong><\/a><\/p>\n<p>An dieser Teststation ist zwar eine Terminreservierung notwendig, daf\u00fcr ist sie jedoch au\u00dferhalb der Innenstandt gelegen und es gibt viele kostenlose Parkpl\u00e4tze vor der Arena.<\/p>\n<p>[\/et_pb_text][et_pb_map address=&#8220;Jupp-Gauchel-Stra\u00dfe 10, 56075 Koblenz, Deutschland&#8220; zoom_level=&#8220;14&#8243; address_lat=&#8220;50.3312438&#8243; address_lng=&#8220;7.5846871&#8243; _builder_version=&#8220;4.9.4&#8243; _module_preset=&#8220;default&#8220;][et_pb_map_pin title=&#8220;Teststation CGM Arena&#8220; pin_address=&#8220;Jupp-Gauchel-Stra\u00dfe 10, 56075 Koblenz, Deutschland&#8220; zoom_level=&#8220;16&#8243; pin_address_lat=&#8220;50.3312438&#8243; pin_address_lng=&#8220;7.5846871&#8243; _builder_version=&#8220;4.9.4&#8243; _module_preset=&#8220;default&#8220;][\/et_pb_map_pin][\/et_pb_map][\/et_pb_column][\/et_pb_row][\/et_pb_section][et_pb_section fb_built=&#8220;1&#8243; admin_label=&#8220;Hoffnungskirche&#8220; _builder_version=&#8220;3.22&#8243; custom_padding=&#8220;120px||100px|&#8220;][et_pb_row admin_label=&#8220;Our Story&#8220; _builder_version=&#8220;3.25&#8243; background_size=&#8220;initial&#8220; background_position=&#8220;top_left&#8220; background_repeat=&#8220;repeat&#8220;][et_pb_column type=&#8220;4_4&#8243; _builder_version=&#8220;3.25&#8243; custom_padding=&#8220;|||&#8220; custom_padding__hover=&#8220;|||&#8220;][et_pb_text admin_label=&#8220;Title Hoffnungskirche&#8220; _builder_version=&#8220;4.9.4&#8243; text_font=&#8220;||||&#8220; text_text_color=&#8220;#3e3f56&#8243; header_font=&#8220;Comfortaa||||&#8220; header_text_align=&#8220;left&#8220; header_text_color=&#8220;#444235&#8243; header_font_size=&#8220;60px&#8220; header_line_height=&#8220;1.3em&#8220; background_size=&#8220;initial&#8220; background_position=&#8220;top_left&#8220; background_repeat=&#8220;repeat&#8220; module_alignment=&#8220;center&#8220; animation_style=&#8220;slide&#8220; animation_direction=&#8220;bottom&#8220; animation_intensity_slide=&#8220;10%&#8220; header_font_size_tablet=&#8220;&#8220; header_font_size_phone=&#8220;44px&#8220; header_font_size_last_edited=&#8220;on|phone&#8220;]<\/p>\n<h1>Hoffnungskirche<\/h1>\n<p>[\/et_pb_text][et_pb_text _builder_version=&#8220;4.9.4&#8243; text_font=&#8220;Comfortaa||||&#8220; text_text_color=&#8220;#d1af83&#8243; text_font_size=&#8220;24px&#8220; text_line_height=&#8220;1.8em&#8220; header_text_align=&#8220;left&#8220; background_size=&#8220;initial&#8220; background_position=&#8220;top_left&#8220; background_repeat=&#8220;repeat&#8220; module_alignment=&#8220;center&#8220; custom_padding=&#8220;|||&#8220; animation_style=&#8220;slide&#8220; animation_direction=&#8220;bottom&#8220; animation_delay=&#8220;50ms&#8220; animation_intensity_slide=&#8220;10%&#8220;]<\/p>\n<p>Die erste Station der Feierlichkeiten ist der Gottesdienst in der Hoffnungskirche ab 13:00 Uhr am 26.06.2021.<\/p>\n<p>[\/et_pb_text][et_pb_text admin_label=&#8220;Subtitle&#8220; _builder_version=&#8220;4.9.4&#8243; text_font=&#8220;Open Sans||||&#8220; text_text_color=&#8220;rgba(68,66,53,0.8)&#8220; text_font_size=&#8220;17px&#8220; text_line_height=&#8220;1.9em&#8220; background_size=&#8220;initial&#8220; background_position=&#8220;top_left&#8220; background_repeat=&#8220;repeat&#8220; module_alignment=&#8220;center&#8220; custom_margin=&#8220;|||&#8220; custom_padding=&#8220;|||&#8220; animation_style=&#8220;slide&#8220; animation_direction=&#8220;bottom&#8220; animation_delay=&#8220;50ms&#8220; animation_intensity_slide=&#8220;10%&#8220;]<\/p>\n<p>Die Anzahl der Parkpl\u00e4tze auf dem Kirchengel\u00e4nde ist stark begrenzt, daher empfehlen wir euch direkt die Parkpl\u00e4tze entlang der Stra\u00dfe zu w\u00e4hlen:<\/p>\n<ul>\n<li>Entlang der Ellingshohl existieren Parkpl\u00e4tze auf der rechten Seite bergauf zwischen Geschwister-Scholl Stra\u00dfe und dem Zebrastreifen vor der Von-Witzleben Stra\u00dfe<\/li>\n<li>Am Kratzkopfer Hof nach der Bushaltestelle bis zu der Einfahrt der Wohnh\u00e4user<\/li>\n<li>In der Von-Witzleben Stra\u00dfe von der Horchheimer H\u00f6he kommend in Richtung Asterstein<\/li>\n<\/ul>\n<p>Bitte haltet euch jedoch an die g\u00fcltigen Verkehrsregeln und kommt lieber ein paar Minuten fr\u00fcher, um einen Parkplatz zu finden und trotzdem stressfrei zu erscheinen.<\/p>\n<p>Wie oben beschrieben gibt es einige Regeln f\u00fcr den Gottesdienst:<\/p>\n<ul>\n<li>W\u00e4hrend des Gottesdienste ist durchg\u00e4ngig eine Maske zu tragen<\/li>\n<li>Haltet euch an den Sitzplan, damit die Abstandsregeln wie vom Gesetzgeber gefordert erf\u00fcllt sind<\/li>\n<li>Bitte schaltet w\u00e4hrend des Gottesdienstes eure Handys aus<\/li>\n<li>Wir haben einen Fotografen engagiert, so dass ihr euch ganz auf die Zeremonie konzentrieren k\u00f6nnt und auch die Handys komplett in der Tasche bleiben k\u00f6nnen<\/li>\n<\/ul>\n<p>Im Anschluss an den Gottesdienst planen wir bei gutem Wetter einen Sektempfang, w\u00e4hrend wir gerne eure Gl\u00fcckw\u00fcnsche entgegennehmen. Bei schlechtem Wetter m\u00fcssen wir beides leider nach Maria Laach verschieben. wir hoffen einige Tage vor der Veranstaltung eine stabile Wetterlage zu haben und euch eine klare Aussage dazu geben zu k\u00f6nnen.<\/p>\n<p>&nbsp;<\/p>\n<p>[\/et_pb_text][et_pb_map address=&#8220;Ellingshohl 85, 56076 Koblenz, Deutschland&#8220; zoom_level=&#8220;17&#8243; address_lat=&#8220;50.340301489716&#8243; address_lng=&#8220;7.6199472650818&#8243; _builder_version=&#8220;4.9.4&#8243; _module_preset=&#8220;default&#8220;][et_pb_map_pin title=&#8220;Hoffnungskirche&#8220; pin_address=&#8220;Ellingshohl 85, 56076 Koblenz, Deutschland&#8220; zoom_level=&#8220;15&#8243; pin_address_lat=&#8220;50.3402741&#8243; pin_address_lng=&#8220;7.6196254&#8243; _builder_version=&#8220;4.9.4&#8243; _module_preset=&#8220;default&#8220;][\/et_pb_map_pin][\/et_pb_map][\/et_pb_column][\/et_pb_row][\/et_pb_section][et_pb_section fb_built=&#8220;1&#8243; admin_label=&#8220;Maria Laach&#8220; _builder_version=&#8220;3.22&#8243; background_color=&#8220;rgba(209,197,186,0.16)&#8220; custom_padding=&#8220;120px||100px|&#8220; animation_style=&#8220;zoom&#8220; animation_direction=&#8220;bottom&#8220; animation_intensity_zoom=&#8220;4%&#8220;][et_pb_row admin_label=&#8220;Maria Laach&#8220; _builder_version=&#8220;4.9.4&#8243; background_size=&#8220;initial&#8220; background_position=&#8220;top_left&#8220; background_repeat=&#8220;repeat&#8220;][et_pb_column type=&#8220;4_4&#8243; _builder_version=&#8220;3.25&#8243; custom_padding=&#8220;|||&#8220; custom_padding__hover=&#8220;|||&#8220;][et_pb_text admin_label=&#8220;Title Seehotel&#8220; _builder_version=&#8220;4.9.4&#8243; text_font=&#8220;||||&#8220; text_text_color=&#8220;#3e3f56&#8243; header_font=&#8220;Comfortaa||||&#8220; header_text_align=&#8220;left&#8220; header_text_color=&#8220;#444235&#8243; header_font_size=&#8220;60px&#8220; header_line_height=&#8220;1.3em&#8220; background_size=&#8220;initial&#8220; background_position=&#8220;top_left&#8220; background_repeat=&#8220;repeat&#8220; module_alignment=&#8220;center&#8220; header_font_size_tablet=&#8220;&#8220; header_font_size_phone=&#8220;44px&#8220; header_font_size_last_edited=&#8220;on|phone&#8220;]<\/p>\n<h1>Seehotel Maria Laach<\/h1>\n<p>[\/et_pb_text][et_pb_text admin_label=&#8220;Subtitle&#8220; _builder_version=&#8220;4.9.4&#8243; text_font=&#8220;Open Sans||||&#8220; text_text_color=&#8220;rgba(68,66,53,0.8)&#8220; text_font_size=&#8220;17px&#8220; text_line_height=&#8220;1.9em&#8220; header_text_align=&#8220;left&#8220; background_size=&#8220;initial&#8220; background_position=&#8220;top_left&#8220; background_repeat=&#8220;repeat&#8220; module_alignment=&#8220;center&#8220; custom_margin=&#8220;|||&#8220; custom_padding=&#8220;|||&#8220; animation_style=&#8220;slide&#8220; animation_direction=&#8220;bottom&#8220; animation_delay=&#8220;50ms&#8220; animation_intensity_slide=&#8220;10%&#8220;]<\/p>\n<p>Die zweite und letzte Station ist das Seehotel Maria Laach wo wir hoffentlich feiern und den Tag gemeinsam ausklingen lassen k\u00f6nnen.<\/p>\n<p>Aufgrund der Umbauarbeiten k\u00f6nnen wir leider die Zimmer des Schlosshotels nicht nutzen und auch der Parkplatz des Hotels steht aufgrund des Umbaus nicht zur Verf\u00fcgung. Stattdessen m\u00fcssen wir den offiziellen Klosterparkplatz nutzen. Die Geb\u00fchr f\u00fcr die Nutzung betr\u00e4gt pro Tag aktuell 3\u20ac. Durch eine Unterf\u00fchrung ist das Seehotel schnell und einfach zu erreichen.<\/p>\n<p>[\/et_pb_text][et_pb_map address=&#8220;Maria Laach, 56653 Glees, Deutschland&#8220; zoom_level=&#8220;15&#8243; address_lat=&#8220;50.404435049964&#8243; address_lng=&#8220;7.2549887211792&#8243; _builder_version=&#8220;4.9.4&#8243; _module_preset=&#8220;default&#8220;][et_pb_map_pin title=&#8220;Seehotel&#8220; pin_address=&#8220;Am Laacher See 1 Maria Laach, 56653 Glees, Deutschland&#8220; zoom_level=&#8220;16&#8243; pin_address_lat=&#8220;50.40399&#8243; pin_address_lng=&#8220;7.252027&#8243; _builder_version=&#8220;4.9.4&#8243; _module_preset=&#8220;default&#8220;][\/et_pb_map_pin][et_pb_map_pin title=&#8220;Klosterparkplatz Maria Laach&#8220; pin_address=&#8220;56653 Glees, Deutschland&#8220; zoom_level=&#8220;16&#8243; pin_address_lat=&#8220;50.4033957&#8243; pin_address_lng=&#8220;7.254937&#8243; _builder_version=&#8220;4.9.4&#8243; _module_preset=&#8220;default&#8220;][\/et_pb_map_pin][\/et_pb_map][\/et_pb_column][\/et_pb_row][\/et_pb_section][et_pb_section fb_built=&#8220;1&#8243; disabled_on=&#8220;off|off|off&#8220; admin_label=&#8220;Video Section&#8220; _builder_version=&#8220;3.22&#8243; custom_padding=&#8220;0px||0px|&#8220;][et_pb_row use_custom_gutter=&#8220;on&#8220; gutter_width=&#8220;1&#8243; admin_label=&#8220;Video Area&#8220; module_class=&#8220; et_pb_row_fullwidth&#8220; _builder_version=&#8220;3.25&#8243; background_size=&#8220;initial&#8220; background_position=&#8220;top_left&#8220; background_repeat=&#8220;repeat&#8220; width=&#8220;100%&#8220; width_tablet=&#8220;100%&#8220; width_phone=&#8220;&#8220; width_last_edited=&#8220;on|desktop&#8220; max_width=&#8220;100%&#8220; max_width_tablet=&#8220;100%&#8220; max_width_phone=&#8220;&#8220; max_width_last_edited=&#8220;on|desktop&#8220; custom_padding=&#8220;0px||0px|&#8220; make_fullwidth=&#8220;on&#8220;][et_pb_column type=&#8220;4_4&#8243; _builder_version=&#8220;3.25&#8243; custom_padding=&#8220;|||&#8220; custom_padding__hover=&#8220;|||&#8220;][et_pb_image src=&#8220;https:\/\/holgerundjuliette.de\/wp-content\/uploads\/2021\/01\/Maria-Laach.jpg&#8220; title_text=&#8220;Maria-Laach&#8220; _builder_version=&#8220;4.9.4&#8243; _module_preset=&#8220;default&#8220;][\/et_pb_image][\/et_pb_column][\/et_pb_row][\/et_pb_section]<\/p>\n","protected":false},"excerpt":{"rendered":"<p>AblaufDie wichtigsten Informationen rund um die Hochzeit, damit wir alle gut durch den Tag kommen.Liebe G\u00e4ste, leider besch\u00e4ftigt uns Corona nicht nur bei der Planung der Hochzeit, sondern auch am Tag der Hochzeit wird uns die Pandemie und die Regeln welche uns dadurch auferlegt werden besch\u00e4ftigen. Daher fassen wir an dieser Stelle ein paar der [&hellip;]<\/p>\n","protected":false},"author":1,"featured_media":0,"parent":0,"menu_order":0,"comment_status":"closed","ping_status":"closed","template":"","meta":{"_et_pb_use_builder":"on","_et_pb_old_content":"","_et_gb_content_width":""},"_links":{"self":[{"href":"https:\/\/holgerundjuliette.de\/index.php\/wp-json\/wp\/v2\/pages\/233"}],"collection":[{"href":"https:\/\/holgerundjuliette.de\/index.php\/wp-json\/wp\/v2\/pages"}],"about":[{"href":"https:\/\/holgerundjuliette.de\/index.php\/wp-json\/wp\/v2\/types\/page"}],"author":[{"embeddable":true,"href":"https:\/\/holgerundjuliette.de\/index.php\/wp-json\/wp\/v2\/users\/1"}],"replies":[{"embeddable":true,"href":"https:\/\/holgerundjuliette.de\/index.php\/wp-json\/wp\/v2\/comments?post=233"}],"version-history":[{"count":17,"href":"https:\/\/holgerundjuliette.de\/index.php\/wp-json\/wp\/v2\/pages\/233\/revisions"}],"predecessor-version":[{"id":267,"href":"https:\/\/holgerundjuliette.de\/index.php\/wp-json\/wp\/v2\/pages\/233\/revisions\/267"}],"wp:attachment":[{"href":"https:\/\/holgerundjuliette.de\/index.php\/wp-json\/wp\/v2\/media?parent=233"}],"curies":[{"name":"wp","href":"https:\/\/api.w.org\/{rel}","templated":true}]}}