{"id":14,"date":"2019-06-23T18:04:19","date_gmt":"2019-06-23T16:04:19","guid":{"rendered":"https:\/\/holgerundjuliette.de\/?page_id=14"},"modified":"2021-05-09T22:15:16","modified_gmt":"2021-05-09T20:15:16","slug":"unterkunft","status":"publish","type":"page","link":"https:\/\/holgerundjuliette.de\/index.php\/unterkunft\/","title":{"rendered":"Unterkunft"},"content":{"rendered":"\n<h2>Unterk\u00fcnfte Maria Laach<\/h2>\n\n\n\n<h3>Hotel Laacher Lay<\/h3>\n\n\n\n<p>Das <a rel=\"noreferrer noopener\" href=\"https:\/\/www.hotel-laacherlay.de\/\" target=\"_blank\">Hotel Laacher Lay<\/a> liegt leider nicht  direkt an dem Ort der Feierlichkeiten, daf\u00fcr war das Kontingent jedoch ausreichend gro\u00df, dass wir hoffen, am n\u00e4chsten Morgen mit unseren G\u00e4sten dort Fr\u00fchst\u00fccken zu k\u00f6nnen.<\/p>\n\n\n\n<p><strong>Stichwort<\/strong>: \u201eHochzeit Juliette und Holger Stridde\u201c. <br>Konditionen: <a rel=\"noreferrer noopener\" href=\"https:\/\/www.hotel-laacherlay.de\/?page_id=22\" target=\"_blank\">Preis \u00dcbersicht<\/a><\/p>\n\n\n\n<h3><s>Seehotel Maria Laach<\/s><\/h3>\n\n\n\n<h4><span class=\"has-inline-color has-vivid-red-color\">!!! Stand 15.10.2020: Das Seehotel Maria Laach steht aufgrund von Umbauarbeiten nicht f\u00fcr Unterk\u00fcnfte zur Verf\u00fcgung !!!<\/span><\/h4>\n\n\n\n<p>Das <a href=\"https:\/\/www.seehotel-maria-laach.de\/startseite.html\" target=\"_blank\" rel=\"noreferrer noopener\" aria-label=\"Seehotel Maria Lach (\u00f6ffnet in neuem Tab)\">Seehotel Maria Lach<\/a> ist der Ort an dem die Feierlichkeiten anl\u00e4sslich unserer kirchlichen Verm\u00e4hlung am Nachmittag \/ Abend stattfinden wird. Einen k\u00fcrzeren Weg von der Feier ins Bett werdet ihr nicht finden.<\/p>\n\n\n\n<h3><s>Naturfreundehaus Laacher See <\/s><\/h3>\n\n\n\n<h4><span class=\"has-inline-color has-vivid-red-color\">!!! Stand 21.04.2020 bereits f\u00fcr das neue Hochzeitswochenende ausgebucht !!!<\/span><\/h4>\n\n\n\n<h3>Campingplatz Maria Laach<\/h3>\n\n\n\n<p>Der <a href=\"https:\/\/www.camping-laacher-see.com\/de\/Start.html\">Camp<\/a><a href=\"https:\/\/www.camping-laacher-see.com\/de\/Start.html\" target=\"_blank\" rel=\"noreferrer noopener\" aria-label=\"ingplatz Maria Laach (\u00f6ffnet in neuem Tab)\">ingplatz Maria Laach<\/a> ist ca. 2,6 km vom Seehotel Maria Laach gelegen. <\/p>\n\n\n\n<p>Konditionen: <a href=\"https:\/\/www.camping-laacher-see.com\/de\/Preisliste_Touristencamper.html\" target=\"_blank\" rel=\"noreferrer noopener\" aria-label=\"Preis \u00dcbersicht (\u00f6ffnet in neuem Tab)\">Preis \u00dcbersicht<\/a><\/p>\n\n\n\n<h2>Unterk\u00fcnfte Koblenz<\/h2>\n\n\n\n<p>F\u00fcr diejenigen, die bereits am Vortag oder fr\u00fcher anreisen m\u00f6chten und noch eine Unterkuft in Koblenz suchen, hier einige Empfehlungen von uns:<\/p>\n\n\n\n<h3> Hotel Sessellift  <\/h3>\n\n\n\n<p>Das <a href=\"http:\/\/www.hotel-sessellift.de\/de\/index2.htm\" target=\"_blank\" rel=\"noreferrer noopener\" aria-label=\" (\u00f6ffnet in neuem Tab)\">Hotel Sesselift<\/a> verf\u00fcgt \u00fcber kostenfreie Parkpl\u00e4tze und liegt auf der rechten Rheinseite. Es ist ca. 3km vom Hauptbahnhof entfernt. Es gibt dort kein Fr\u00fchst\u00fcck. Der Preis f\u00fcr ein Doppelzimmer mit eigenem Bad bel\u00e4uft sich auf 54 Euro pro Nacht.<\/p>\n\n\n\n<p>1 Doppelzimmer mit Gemeinschaftsbad, ab 50.40 Euro pro Nacht. Es liegt nur 550 Meter entfernt von der Festung Ehrenbreitstein und 800 Meter vom deutschen Eck, jedoch liegt der Rhein zwischen<\/p>\n\n\n\n<h4> Kontaktinformationen: <\/h4>\n\n\n\n<p> Hotel-Restaurant Sessellift<br> Obertal 22<br> 56077 Koblenz <br> Tel: (+49) 261 75256          oder           73490<br> Fax: (+49) 261 76872<br>E-Mail: <a href=\"mailto:hotel-sessellift@t-online.de\">hotel-sessellift@t-online.de<\/a> <\/p>\n\n\n\n<h3>Hotel Marylin<\/h3>\n\n\n\n<p>Das <a href=\"https:\/\/www.hotel-marilyn.de\/\" target=\"_blank\" rel=\"noreferrer noopener\" aria-label=\" (\u00f6ffnet in neuem Tab)\">Hotel Marylin<\/a> ist im Stil der 50er und 60er Jahre eingerichtett. Es gibt ein reichhaltiges Fr\u00fchst\u00fcckssbuffet.<\/p>\n\n\n\n<p>Das Hotel liegt im im historischen Stadteil Ehrenbreitstein. Die Bushaltstelle Kapuziner Platz liegt 100m vom Kulturguthotel Ehrenbreitstein entfernt. Das Stadtzentrum von Kobelenz und den Hauptbahnhof erreichen sie knapp in 10 Fahrminuten. 1 Doppelzimmer pro Nacht ab 60 Euro pro Nacht beim Hotel direkt. <\/p>\n\n\n\n<h4> Kontaktinformationen:<\/h4>\n\n\n\n<p>Hofstrasse 281 &#8211; Eingang: Kapuzinerstr. 1693, <br>56077 Koblenz <br>Stadtteil  Ehrenbreitstein<\/p>\n\n\n\n<h3>Hotel Oronto<\/h3>\n\n\n\n<p>Das Hotel Oronto liegt 1,5 km vom Hauptbahnhof entfernt.Kostenfreie Parkpl\u00e4tze, ein kontinentales Fr\u00fchst\u00fcck wird angboten.Das Hotel verf\u00fcgt \u00fcber eine Terasse. Es gibt auch Familienzimmer. Eine \u00dcbernachtung im Doppelzimmer ab 79 Euro.<\/p>\n\n\n\n<p>L\u00f6hr Center ( Einkaufszentrum, 1,5 km deutsches Eck 2,4 km<\/p>\n\n\n\n<h3>Hotel und Gasthaus Berghof<\/h3>\n\n\n\n<p>dieses gem\u00fctliche Hotel, famieliengef\u00fchrte Hotel in Koblenz liegt im Stadteil Asterstein. Am linken Reihnufer.Fr\u00fchst\u00fcck gibt es auch. Und kostenfreie parkpl\u00e4tze. Preis f\u00fcr eine Nacht ab. 68 Euro. Diese Unterkunft ist  am n\u00e4chsten zur Kirche gelegen, wo wir uns am 30. Mai 2020 einfinden werden.<\/p>\n\n\n\n<h4>Kontaktinformationen:<\/h4>\n\n\n\n<p> Lehrhohl 38, <br>56077 Koblenz<br>Telefon: 0261 72847 <\/p>\n\n\n\n<h3 id=\"hp_hotel_name\">Hotel Rheinkrone<\/h3>\n\n\n\n<p>Dieses ruhige, g\u00fcnstig gelegene Hotel bietet einen herrlichen Blick auf den Rhein, Koblenz und das ber\u00fchmte Deutsche Eck. Das  Stadtzentrum und das Kurf\u00fcrstliche Schloss lassen sich bequem zu Fu\u00df erreichen. Auch die Hoffnungskirche ist nur einen Katzensprung entfernt. <br>Es stehen kostenfreie Parkpl\u00e4tze am Hotel zur Verf\u00fcgung.  Doppelzimmer ab 86\u20ac pro Nacht bei Booking.com und ab 93 Euro \u00fcber die Webseite des Hotels.<\/p>\n\n\n\n<h4>Kontaktinformationen:<\/h4>\n\n\n\n<p>Rudolf-Breitscheid Str. 23, <br>56077 Koblenz<br>Stadtteil Asterstein<br>Homepage: <a rel=\"noreferrer noopener\" aria-label=\"http:\/\/rheinkrone-koblenz.de\/ (\u00f6ffnet in neuem Tab)\" href=\"http:\/\/rheinkrone-koblenz.de\/\" target=\"_blank\">http:\/\/rheinkrone-koblenz.de\/<\/a> <br>Tel.:   0261\/ 9730803 <br>Fax.:   0261\/ 9730804 <br>E-mail:  info@rheinkrone-koblenz.de  <\/p>\n\n\n\n<p><br><\/p>\n","protected":false},"excerpt":{"rendered":"<p>Unterk\u00fcnfte Maria Laach Hotel Laacher Lay Das Hotel Laacher Lay liegt leider nicht direkt an dem Ort der Feierlichkeiten, daf\u00fcr war das Kontingent jedoch ausreichend gro\u00df, dass wir hoffen, am n\u00e4chsten Morgen mit unseren G\u00e4sten dort Fr\u00fchst\u00fccken zu k\u00f6nnen. Stichwort: \u201eHochzeit Juliette und Holger Stridde\u201c. Konditionen: Preis \u00dcbersicht Seehotel Maria Laach !!! Stand 15.10.2020: Das [&hellip;]<\/p>\n","protected":false},"author":2,"featured_media":0,"parent":0,"menu_order":0,"comment_status":"closed","ping_status":"closed","template":"","meta":{"_et_pb_use_builder":"off","_et_pb_old_content":"","_et_gb_content_width":"2880"},"_links":{"self":[{"href":"https:\/\/holgerundjuliette.de\/index.php\/wp-json\/wp\/v2\/pages\/14"}],"collection":[{"href":"https:\/\/holgerundjuliette.de\/index.php\/wp-json\/wp\/v2\/pages"}],"about":[{"href":"https:\/\/holgerundjuliette.de\/index.php\/wp-json\/wp\/v2\/types\/page"}],"author":[{"embeddable":true,"href":"https:\/\/holgerundjuliette.de\/index.php\/wp-json\/wp\/v2\/users\/2"}],"replies":[{"embeddable":true,"href":"https:\/\/holgerundjuliette.de\/index.php\/wp-json\/wp\/v2\/comments?post=14"}],"version-history":[{"count":19,"href":"https:\/\/holgerundjuliette.de\/index.php\/wp-json\/wp\/v2\/pages\/14\/revisions"}],"predecessor-version":[{"id":159,"href":"https:\/\/holgerundjuliette.de\/index.php\/wp-json\/wp\/v2\/pages\/14\/revisions\/159"}],"wp:attachment":[{"href":"https:\/\/holgerundjuliette.de\/index.php\/wp-json\/wp\/v2\/media?parent=14"}],"curies":[{"name":"wp","href":"https:\/\/api.w.org\/{rel}","templated":true}]}}